{"id":2283,"date":"2021-10-25T12:53:11","date_gmt":"2021-10-25T10:53:11","guid":{"rendered":"http:\/\/granila.eu\/?page_id=2283"},"modified":"2025-03-13T11:56:49","modified_gmt":"2025-03-13T10:56:49","slug":"aktuality","status":"publish","type":"page","link":"https:\/\/granila.eu\/index.php\/aktuality\/","title":{"rendered":"Aktuality"},"content":{"rendered":"\t\t<div data-elementor-type=\"wp-page\" data-elementor-id=\"2283\" class=\"elementor elementor-2283\" data-elementor-post-type=\"page\">\n\t\t\t\t\t\t<section class=\"elementor-section elementor-top-section elementor-element elementor-element-634663f elementor-section-height-min-height elementor-section-items-stretch elementor-section-boxed elementor-section-height-default\" data-id=\"634663f\" data-element_type=\"section\" data-e-type=\"section\" data-settings=\"{&quot;background_background&quot;:&quot;classic&quot;}\">\n\t\t\t\t\t\t<div class=\"elementor-container elementor-column-gap-no\">\n\t\t\t\t\t<div class=\"elementor-column elementor-col-100 elementor-top-column elementor-element elementor-element-92803ff\" data-id=\"92803ff\" data-element_type=\"column\" data-e-type=\"column\">\n\t\t\t<div class=\"elementor-widget-wrap elementor-element-populated\">\n\t\t\t\t\t\t<div class=\"elementor-element elementor-element-a0bc169 elementor-widget__width-initial elementor-absolute elementor-widget elementor-widget-heading\" data-id=\"a0bc169\" data-element_type=\"widget\" data-e-type=\"widget\" data-settings=\"{&quot;_position&quot;:&quot;absolute&quot;}\" data-widget_type=\"heading.default\">\n\t\t\t\t\t<h2 class=\"elementor-heading-title elementor-size-default\">Aktuality<\/h2>\t\t\t\t<\/div>\n\t\t\t\t\t<\/div>\n\t\t<\/div>\n\t\t\t\t\t<\/div>\n\t\t<\/section>\n\t\t\t\t<section class=\"elementor-section elementor-top-section elementor-element elementor-element-d60afeb elementor-section-boxed elementor-section-height-default elementor-section-height-default\" data-id=\"d60afeb\" data-element_type=\"section\" data-e-type=\"section\">\n\t\t\t\t\t\t<div class=\"elementor-container elementor-column-gap-default\">\n\t\t\t\t\t<div class=\"elementor-column elementor-col-100 elementor-top-column elementor-element elementor-element-fd82192\" data-id=\"fd82192\" data-element_type=\"column\" data-e-type=\"column\">\n\t\t\t<div class=\"elementor-widget-wrap elementor-element-populated\">\n\t\t\t\t\t\t<div class=\"elementor-element elementor-element-64277de elementor-widget-divider--view-line elementor-widget elementor-widget-divider\" data-id=\"64277de\" data-element_type=\"widget\" data-e-type=\"widget\" data-widget_type=\"divider.default\">\n\t\t\t\t\t\t\t<div class=\"elementor-divider\">\n\t\t\t<span class=\"elementor-divider-separator\">\n\t\t\t\t\t\t<\/span>\n\t\t<\/div>\n\t\t\t\t\t\t<\/div>\n\t\t\t\t<div class=\"elementor-element elementor-element-236f1e1 elementor-widget elementor-widget-heading\" data-id=\"236f1e1\" data-element_type=\"widget\" data-e-type=\"widget\" data-widget_type=\"heading.default\">\n\t\t\t\t\t<h2 class=\"elementor-heading-title elementor-size-default\">Info Covid<\/h2>\t\t\t\t<\/div>\n\t\t\t\t\t<\/div>\n\t\t<\/div>\n\t\t\t\t\t<\/div>\n\t\t<\/section>\n\t\t\t\t<section class=\"elementor-section elementor-top-section elementor-element elementor-element-c14acfb elementor-section-boxed elementor-section-height-default elementor-section-height-default\" data-id=\"c14acfb\" data-element_type=\"section\" data-e-type=\"section\">\n\t\t\t\t\t\t<div class=\"elementor-container elementor-column-gap-default\">\n\t\t\t\t\t<div class=\"elementor-column elementor-col-100 elementor-top-column elementor-element elementor-element-33ad4be\" data-id=\"33ad4be\" data-element_type=\"column\" data-e-type=\"column\">\n\t\t\t<div class=\"elementor-widget-wrap elementor-element-populated\">\n\t\t\t\t\t\t<div class=\"elementor-element elementor-element-ed2f542 elementor-widget-divider--view-line elementor-widget elementor-widget-divider\" data-id=\"ed2f542\" data-element_type=\"widget\" data-e-type=\"widget\" data-widget_type=\"divider.default\">\n\t\t\t\t\t\t\t<div class=\"elementor-divider\">\n\t\t\t<span class=\"elementor-divider-separator\">\n\t\t\t\t\t\t<\/span>\n\t\t<\/div>\n\t\t\t\t\t\t<\/div>\n\t\t\t\t<div class=\"elementor-element elementor-element-bac5b49 elementor-widget elementor-widget-text-editor\" data-id=\"bac5b49\" data-element_type=\"widget\" data-e-type=\"widget\" data-widget_type=\"text-editor.default\">\n\t\t\t\t\t\t\t\t\t<p>Pri n\u00e1v\u0161teve firmy V\u00e1s pros\u00edme o dodr\u017eiavanie z\u00e1kladn\u00fdch opatren\u00ed proti Covid &#8211; 19, \u010d\u00edm chr\u00e1nite N\u00e1s aj sam\u00fdch seba.<\/p>\t\t\t\t\t\t\t\t<\/div>\n\t\t\t\t<div class=\"elementor-element elementor-element-e2030b1 elementor-absolute elementor-widget elementor-widget-image\" data-id=\"e2030b1\" data-element_type=\"widget\" data-e-type=\"widget\" data-settings=\"{&quot;_position&quot;:&quot;absolute&quot;}\" data-widget_type=\"image.default\">\n\t\t\t\t\t\t\t\t\t\t\t\t\t\t\t<img fetchpriority=\"high\" decoding=\"async\" width=\"768\" height=\"383\" src=\"https:\/\/granila.eu\/wp-content\/uploads\/2021\/10\/opatrenia-768x383.jpg\" class=\"attachment-medium_large size-medium_large wp-image-2290\" alt=\"\" srcset=\"https:\/\/granila.eu\/wp-content\/uploads\/2021\/10\/opatrenia-768x383.jpg 768w, https:\/\/granila.eu\/wp-content\/uploads\/2021\/10\/opatrenia-300x149.jpg 300w, https:\/\/granila.eu\/wp-content\/uploads\/2021\/10\/opatrenia.jpg 885w\" sizes=\"(max-width: 768px) 100vw, 768px\" \/>\t\t\t\t\t\t\t\t\t\t\t\t\t\t\t<\/div>\n\t\t\t\t<div class=\"elementor-element elementor-element-9259d59 elementor-widget elementor-widget-spacer\" data-id=\"9259d59\" data-element_type=\"widget\" data-e-type=\"widget\" data-widget_type=\"spacer.default\">\n\t\t\t\t\t\t\t<div class=\"elementor-spacer\">\n\t\t\t<div class=\"elementor-spacer-inner\"><\/div>\n\t\t<\/div>\n\t\t\t\t\t\t<\/div>\n\t\t\t\t\t<\/div>\n\t\t<\/div>\n\t\t\t\t\t<\/div>\n\t\t<\/section>\n\t\t\t\t<section class=\"elementor-section elementor-top-section elementor-element elementor-element-3f82011 elementor-section-boxed elementor-section-height-default elementor-section-height-default\" data-id=\"3f82011\" data-element_type=\"section\" data-e-type=\"section\">\n\t\t\t\t\t\t<div class=\"elementor-container elementor-column-gap-default\">\n\t\t\t\t\t<div class=\"elementor-column elementor-col-100 elementor-top-column elementor-element elementor-element-7d20aac\" data-id=\"7d20aac\" data-element_type=\"column\" data-e-type=\"column\">\n\t\t\t<div class=\"elementor-widget-wrap elementor-element-populated\">\n\t\t\t\t\t\t<div class=\"elementor-element elementor-element-111f4c9 elementor-widget elementor-widget-spacer\" data-id=\"111f4c9\" data-element_type=\"widget\" data-e-type=\"widget\" data-widget_type=\"spacer.default\">\n\t\t\t\t\t\t\t<div class=\"elementor-spacer\">\n\t\t\t<div class=\"elementor-spacer-inner\"><\/div>\n\t\t<\/div>\n\t\t\t\t\t\t<\/div>\n\t\t\t\t<div class=\"elementor-element elementor-element-610066c elementor-widget elementor-widget-spacer\" data-id=\"610066c\" data-element_type=\"widget\" data-e-type=\"widget\" data-widget_type=\"spacer.default\">\n\t\t\t\t\t\t\t<div class=\"elementor-spacer\">\n\t\t\t<div class=\"elementor-spacer-inner\"><\/div>\n\t\t<\/div>\n\t\t\t\t\t\t<\/div>\n\t\t\t\t<div class=\"elementor-element elementor-element-092e845 elementor-widget elementor-widget-text-editor\" data-id=\"092e845\" data-element_type=\"widget\" data-e-type=\"widget\" data-widget_type=\"text-editor.default\">\n\t\t\t\t\t\t\t\t\t<p><br><\/p>\n<p>Pre na\u0161ich plne zao\u010dkovan\u00fdch pracovn\u00edkov pon\u00fakame benefit v podobe n\u00e1kupnej pouk\u00e1\u017eky v hodnote 50\u20ac do Kauflandu alebo Lidlu pri predlo\u017een\u00ed Covidpassu na firme.<\/p>\n<p>Taktie\u017e vieme na\u0161im pracovn\u00edkom pom\u00f4c\u0165 s objedn\u00e1vkou na o\u010dkovanie vakcin\u00e1ciou Moderna v Bardejove.<\/p>\n<p>V\u0161etci na\u0161i pracovn\u00edci vyslan\u00ed do zahrani\u010dia s\u00fa plne zao\u010dkovan\u00ed alebo testovan\u00ed.<\/p>\t\t\t\t\t\t\t\t<\/div>\n\t\t\t\t\t<\/div>\n\t\t<\/div>\n\t\t\t\t\t<\/div>\n\t\t<\/section>\n\t\t\t\t<\/div>\n\t\t","protected":false},"excerpt":{"rendered":"<p>Aktuality Info Covid Pri n\u00e1v\u0161teve firmy V\u00e1s pros\u00edme o dodr\u017eiavanie z\u00e1kladn\u00fdch opatren\u00ed proti Covid &#8211; 19, \u010d\u00edm chr\u00e1nite N\u00e1s aj sam\u00fdch seba. Pre na\u0161ich plne zao\u010dkovan\u00fdch pracovn\u00edkov pon\u00fakame benefit v podobe n\u00e1kupnej pouk\u00e1\u017eky v hodnote 50\u20ac do Kauflandu alebo Lidlu pri predlo\u017een\u00ed Covidpassu na firme. Taktie\u017e vieme na\u0161im pracovn\u00edkom pom\u00f4c\u0165 s objedn\u00e1vkou na o\u010dkovanie vakcin\u00e1ciou [&hellip;]<\/p>\n","protected":false},"author":2,"featured_media":0,"parent":0,"menu_order":0,"comment_status":"closed","ping_status":"closed","template":"elementor_header_footer","meta":{"_monsterinsights_skip_tracking":false,"_monsterinsights_sitenote_active":false,"_monsterinsights_sitenote_note":"","_monsterinsights_sitenote_category":0,"footnotes":""},"class_list":["post-2283","page","type-page","status-publish","hentry"],"aioseo_notices":[],"_links":{"self":[{"href":"https:\/\/granila.eu\/index.php\/wp-json\/wp\/v2\/pages\/2283","targetHints":{"allow":["GET"]}}],"collection":[{"href":"https:\/\/granila.eu\/index.php\/wp-json\/wp\/v2\/pages"}],"about":[{"href":"https:\/\/granila.eu\/index.php\/wp-json\/wp\/v2\/types\/page"}],"author":[{"embeddable":true,"href":"https:\/\/granila.eu\/index.php\/wp-json\/wp\/v2\/users\/2"}],"replies":[{"embeddable":true,"href":"https:\/\/granila.eu\/index.php\/wp-json\/wp\/v2\/comments?post=2283"}],"version-history":[{"count":0,"href":"https:\/\/granila.eu\/index.php\/wp-json\/wp\/v2\/pages\/2283\/revisions"}],"wp:attachment":[{"href":"https:\/\/granila.eu\/index.php\/wp-json\/wp\/v2\/media?parent=2283"}],"curies":[{"name":"wp","href":"https:\/\/api.w.org\/{rel}","templated":true}]}}